{"id":10922,"date":"2026-03-26T09:05:00","date_gmt":"2026-03-26T12:05:00","guid":{"rendered":"https:\/\/joaoernani.com\/landing\/?page_id=10922"},"modified":"2026-03-26T09:23:32","modified_gmt":"2026-03-26T12:23:32","slug":"prompt-slides-notebook-lm-e","status":"publish","type":"page","link":"https:\/\/joaoernani.com\/landing\/gratuito\/prompt-slides-notebook-lm-e\/","title":{"rendered":"Prompt Slides NotebookLm e Gemini"},"content":{"rendered":"\t\t<div data-elementor-type=\"wp-page\" data-elementor-id=\"10922\" class=\"elementor elementor-10922\">\n\t\t\t\t\t\t<section class=\"elementor-section elementor-top-section elementor-element elementor-element-295a0593 elementor-section-height-min-height elementor-section-boxed elementor-section-height-default elementor-section-items-middle\" data-id=\"295a0593\" data-element_type=\"section\" data-e-type=\"section\" data-settings=\"{&quot;background_background&quot;:&quot;classic&quot;}\">\n\t\t\t\t\t\t<div class=\"elementor-container elementor-column-gap-default\">\n\t\t\t\t\t<div class=\"elementor-column elementor-col-50 elementor-top-column elementor-element elementor-element-78559c8\" data-id=\"78559c8\" data-element_type=\"column\" data-e-type=\"column\">\n\t\t\t<div class=\"elementor-widget-wrap elementor-element-populated\">\n\t\t\t\t\t\t<div class=\"elementor-element elementor-element-1b1c5e5 elementor-widget elementor-widget-button\" data-id=\"1b1c5e5\" data-element_type=\"widget\" data-e-type=\"widget\" data-widget_type=\"button.default\">\n\t\t\t\t\t\t\t\t\t\t<a class=\"elementor-button elementor-button-link elementor-size-sm\" href=\"#\">\n\t\t\t\t\t\t<span class=\"elementor-button-content-wrapper\">\n\t\t\t\t\t\t\t\t\t<span class=\"elementor-button-text\">Acesso Gratuito<\/span>\n\t\t\t\t\t<\/span>\n\t\t\t\t\t<\/a>\n\t\t\t\t\t\t\t\t<\/div>\n\t\t\t\t<div class=\"elementor-element elementor-element-d4b7923 elementor-widget elementor-widget-text-editor\" data-id=\"d4b7923\" data-element_type=\"widget\" data-e-type=\"widget\" data-widget_type=\"text-editor.default\">\n\t\t\t\t\t\t\t\t\t<h1 class=\"text-4xl md:text-5xl font-extrabold mt-4 leading-tight\"><strong>Crie Slides de Alta Performance em Minutos com o Poder da\u00a0<span class=\"text-indigo-400\">IA.<\/span><\/strong><\/h1>\t\t\t\t\t\t\t\t<\/div>\n\t\t\t\t<div class=\"elementor-element elementor-element-65b07429 elementor-widget elementor-widget-text-editor\" data-id=\"65b07429\" data-element_type=\"widget\" data-e-type=\"widget\" data-widget_type=\"text-editor.default\">\n\t\t\t\t\t\t\t\t\t<p>Aprenda o fluxo exato para gerar slides inteligentes no\u00a0<strong>NotebookLM<\/strong>\u00a0e transformar tudo em um design profissional usando o\u00a0<strong>Gemini<\/strong>.<\/p>\t\t\t\t\t\t\t\t<\/div>\n\t\t\t\t<div class=\"elementor-element elementor-element-1402d56e elementor-icon-list--layout-traditional elementor-list-item-link-full_width elementor-widget elementor-widget-icon-list\" data-id=\"1402d56e\" data-element_type=\"widget\" data-e-type=\"widget\" data-widget_type=\"icon-list.default\">\n\t\t\t\t\t\t\t<ul class=\"elementor-icon-list-items\">\n\t\t\t\t\t\t\t<li class=\"elementor-icon-list-item\">\n\t\t\t\t\t\t\t\t\t\t\t<span class=\"elementor-icon-list-icon\">\n\t\t\t\t\t\t\t<svg aria-hidden=\"true\" class=\"e-font-icon-svg e-fas-check\" viewBox=\"0 0 512 512\" xmlns=\"http:\/\/www.w3.org\/2000\/svg\"><path d=\"M173.898 439.404l-166.4-166.4c-9.997-9.997-9.997-26.206 0-36.204l36.203-36.204c9.997-9.998 26.207-9.998 36.204 0L192 312.69 432.095 72.596c9.997-9.997 26.207-9.997 36.204 0l36.203 36.204c9.997 9.997 9.997 26.206 0 36.204l-294.4 294.401c-9.998 9.997-26.207 9.997-36.204-.001z\"><\/path><\/svg>\t\t\t\t\t\t<\/span>\n\t\t\t\t\t\t\t\t\t\t<span class=\"elementor-icon-list-text\">Prompts validados para estrutura\u00e7\u00e3o pedag\u00f3gica.<\/span>\n\t\t\t\t\t\t\t\t\t<\/li>\n\t\t\t\t\t\t\t\t<li class=\"elementor-icon-list-item\">\n\t\t\t\t\t\t\t\t\t\t\t<span class=\"elementor-icon-list-icon\">\n\t\t\t\t\t\t\t<svg aria-hidden=\"true\" class=\"e-font-icon-svg e-fas-check\" viewBox=\"0 0 512 512\" xmlns=\"http:\/\/www.w3.org\/2000\/svg\"><path d=\"M173.898 439.404l-166.4-166.4c-9.997-9.997-9.997-26.206 0-36.204l36.203-36.204c9.997-9.998 26.207-9.998 36.204 0L192 312.69 432.095 72.596c9.997-9.997 26.207-9.997 36.204 0l36.203 36.204c9.997 9.997 9.997 26.206 0 36.204l-294.4 294.401c-9.998 9.997-26.207 9.997-36.204-.001z\"><\/path><\/svg>\t\t\t\t\t\t<\/span>\n\t\t\t\t\t\t\t\t\t\t<span class=\"elementor-icon-list-text\">Workflow do NotebookLM direto para o Design<\/span>\n\t\t\t\t\t\t\t\t\t<\/li>\n\t\t\t\t\t\t\t\t<li class=\"elementor-icon-list-item\">\n\t\t\t\t\t\t\t\t\t\t\t<span class=\"elementor-icon-list-icon\">\n\t\t\t\t\t\t\t<svg aria-hidden=\"true\" class=\"e-font-icon-svg e-fas-check\" viewBox=\"0 0 512 512\" xmlns=\"http:\/\/www.w3.org\/2000\/svg\"><path d=\"M173.898 439.404l-166.4-166.4c-9.997-9.997-9.997-26.206 0-36.204l36.203-36.204c9.997-9.998 26.207-9.998 36.204 0L192 312.69 432.095 72.596c9.997-9.997 26.207-9.997 36.204 0l36.203 36.204c9.997 9.997 9.997 26.206 0 36.204l-294.4 294.401c-9.998 9.997-26.207 9.997-36.204-.001z\"><\/path><\/svg>\t\t\t\t\t\t<\/span>\n\t\t\t\t\t\t\t\t\t\t<span class=\"elementor-icon-list-text\">Economize at\u00e9 10 horas de trabalho semanal<\/span>\n\t\t\t\t\t\t\t\t\t<\/li>\n\t\t\t\t\t\t<\/ul>\n\t\t\t\t\t\t<\/div>\n\t\t\t\t\t<\/div>\n\t\t<\/div>\n\t\t\t\t<div class=\"elementor-column elementor-col-50 elementor-top-column elementor-element elementor-element-7500cfad\" data-id=\"7500cfad\" data-element_type=\"column\" data-e-type=\"column\">\n\t\t\t<div class=\"elementor-widget-wrap elementor-element-populated\">\n\t\t\t\t\t\t<div class=\"elementor-element elementor-element-36cf88e2 elementor-widget elementor-widget-html\" data-id=\"36cf88e2\" data-element_type=\"widget\" data-e-type=\"widget\" data-widget_type=\"html.default\">\n\t\t\t\t\t<iframe data-skip-lazy=\"\" src=\"https:\/\/joaoernani.ipzmarketing.com\/f\/KK8wCxabojc\" frameborder=\"0\" scrolling=\"no\" width=\"100%\" class=\"ipz-iframe\"><\/iframe>\n<script data-cfasync=\"false\" type=\"text\/javascript\" src=\"https:\/\/assets.ipzmarketing.com\/assets\/signup_form\/iframe_v1.js\"><\/script>\t\t\t\t<\/div>\n\t\t\t\t\t<\/div>\n\t\t<\/div>\n\t\t\t\t\t<\/div>\n\t\t<\/section>\n\t\t\t\t<section class=\"elementor-section elementor-top-section elementor-element elementor-element-16ee7ca0 elementor-section-height-min-height elementor-section-boxed elementor-section-height-default elementor-section-items-middle\" data-id=\"16ee7ca0\" data-element_type=\"section\" data-e-type=\"section\" data-settings=\"{&quot;background_background&quot;:&quot;classic&quot;}\">\n\t\t\t\t\t\t\t<div class=\"elementor-background-overlay\"><\/div>\n\t\t\t\t\t\t\t<div class=\"elementor-container elementor-column-gap-default\">\n\t\t\t\t\t<div class=\"elementor-column elementor-col-100 elementor-top-column elementor-element elementor-element-5f8b868d\" data-id=\"5f8b868d\" data-element_type=\"column\" data-e-type=\"column\">\n\t\t\t<div class=\"elementor-widget-wrap elementor-element-populated\">\n\t\t\t\t\t\t<div class=\"elementor-element elementor-element-480dcff1 elementor-widget elementor-widget-text-editor\" data-id=\"480dcff1\" data-element_type=\"widget\" data-e-type=\"widget\" data-widget_type=\"text-editor.default\">\n\t\t\t\t\t\t\t\t\t<p>\u00a9 2026 Jo\u00e3o Ernani. Todos os direitos reservados.<br \/>Focado em capacita\u00e7\u00e3o de educadores para marketing digital e gest\u00e3o.<\/p>\t\t\t\t\t\t\t\t<\/div>\n\t\t\t\t\t<\/div>\n\t\t<\/div>\n\t\t\t\t\t<\/div>\n\t\t<\/section>\n\t\t\t\t<\/div>\n\t\t","protected":false},"excerpt":{"rendered":"<p>Acesso Gratuito Crie Slides de Alta Performance em Minutos com o Poder da\u00a0IA. Aprenda o fluxo exato para gerar slides inteligentes no\u00a0NotebookLM\u00a0e transformar tudo em um design profissional usando o\u00a0Gemini. Prompts validados para estrutura\u00e7\u00e3o pedag\u00f3gica. Workflow do NotebookLM direto para o Design Economize at\u00e9 10 horas de trabalho semanal \u00a9 2026 Jo\u00e3o Ernani. Todos os [&hellip;]<\/p>\n","protected":false},"author":1,"featured_media":0,"parent":10910,"menu_order":0,"comment_status":"closed","ping_status":"closed","template":"","meta":{"footnotes":""},"class_list":["post-10922","page","type-page","status-publish","hentry"],"yoast_head":"<!-- This site is optimized with the Yoast SEO plugin v26.9 - https:\/\/yoast.com\/product\/yoast-seo-wordpress\/ -->\n<title>Prompt Slides NotebookLm e Gemini<\/title>\n<meta name=\"robots\" content=\"index, follow, max-snippet:-1, max-image-preview:large, max-video-preview:-1\" \/>\n<link rel=\"canonical\" href=\"https:\/\/joaoernani.com\/landing\/gratuito\/prompt-slides-notebook-lm-e\/\" \/>\n<meta property=\"og:locale\" content=\"pt_BR\" \/>\n<meta property=\"og:type\" content=\"article\" \/>\n<meta property=\"og:title\" content=\"Prompt Slides NotebookLm e Gemini\" \/>\n<meta property=\"og:description\" content=\"Acesso Gratuito Crie Slides de Alta Performance em Minutos com o Poder da\u00a0IA. Aprenda o fluxo exato para gerar slides inteligentes no\u00a0NotebookLM\u00a0e transformar tudo em um design profissional usando o\u00a0Gemini. Prompts validados para estrutura\u00e7\u00e3o pedag\u00f3gica. Workflow do NotebookLM direto para o Design Economize at\u00e9 10 horas de trabalho semanal \u00a9 2026 Jo\u00e3o Ernani. Todos os [&hellip;]\" \/>\n<meta property=\"og:url\" content=\"https:\/\/joaoernani.com\/landing\/gratuito\/prompt-slides-notebook-lm-e\/\" \/>\n<meta property=\"og:site_name\" content=\"p\u00e1ginas\" \/>\n<meta property=\"article:modified_time\" content=\"2026-03-26T12:23:32+00:00\" \/>\n<meta name=\"twitter:card\" content=\"summary_large_image\" \/>\n<meta name=\"twitter:label1\" content=\"Est. tempo de leitura\" \/>\n\t<meta name=\"twitter:data1\" content=\"1 minuto\" \/>\n<script type=\"application\/ld+json\" class=\"yoast-schema-graph\">{\"@context\":\"https:\/\/schema.org\",\"@graph\":[{\"@type\":\"WebPage\",\"@id\":\"https:\/\/joaoernani.com\/landing\/gratuito\/prompt-slides-notebook-lm-e\/\",\"url\":\"https:\/\/joaoernani.com\/landing\/gratuito\/prompt-slides-notebook-lm-e\/\",\"name\":\"Prompt Slides NotebookLm e Gemini\",\"isPartOf\":{\"@id\":\"https:\/\/joaoernani.com\/landing\/#website\"},\"datePublished\":\"2026-03-26T12:05:00+00:00\",\"dateModified\":\"2026-03-26T12:23:32+00:00\",\"breadcrumb\":{\"@id\":\"https:\/\/joaoernani.com\/landing\/gratuito\/prompt-slides-notebook-lm-e\/#breadcrumb\"},\"inLanguage\":\"pt-BR\",\"potentialAction\":[{\"@type\":\"ReadAction\",\"target\":[\"https:\/\/joaoernani.com\/landing\/gratuito\/prompt-slides-notebook-lm-e\/\"]}]},{\"@type\":\"BreadcrumbList\",\"@id\":\"https:\/\/joaoernani.com\/landing\/gratuito\/prompt-slides-notebook-lm-e\/#breadcrumb\",\"itemListElement\":[{\"@type\":\"ListItem\",\"position\":1,\"name\":\"Home\",\"item\":\"https:\/\/joaoernani.com\/landing\/\"},{\"@type\":\"ListItem\",\"position\":2,\"name\":\"gratuito\",\"item\":\"https:\/\/joaoernani.com\/landing\/gratuito\/\"},{\"@type\":\"ListItem\",\"position\":3,\"name\":\"Prompt Slides NotebookLm e Gemini\"}]},{\"@type\":\"WebSite\",\"@id\":\"https:\/\/joaoernani.com\/landing\/#website\",\"url\":\"https:\/\/joaoernani.com\/landing\/\",\"name\":\"p\u00e1ginas\",\"description\":\"\",\"potentialAction\":[{\"@type\":\"SearchAction\",\"target\":{\"@type\":\"EntryPoint\",\"urlTemplate\":\"https:\/\/joaoernani.com\/landing\/?s={search_term_string}\"},\"query-input\":{\"@type\":\"PropertyValueSpecification\",\"valueRequired\":true,\"valueName\":\"search_term_string\"}}],\"inLanguage\":\"pt-BR\"}]}<\/script>\n<!-- \/ Yoast SEO plugin. -->","yoast_head_json":{"title":"Prompt Slides NotebookLm e Gemini","robots":{"index":"index","follow":"follow","max-snippet":"max-snippet:-1","max-image-preview":"max-image-preview:large","max-video-preview":"max-video-preview:-1"},"canonical":"https:\/\/joaoernani.com\/landing\/gratuito\/prompt-slides-notebook-lm-e\/","og_locale":"pt_BR","og_type":"article","og_title":"Prompt Slides NotebookLm e Gemini","og_description":"Acesso Gratuito Crie Slides de Alta Performance em Minutos com o Poder da\u00a0IA. Aprenda o fluxo exato para gerar slides inteligentes no\u00a0NotebookLM\u00a0e transformar tudo em um design profissional usando o\u00a0Gemini. Prompts validados para estrutura\u00e7\u00e3o pedag\u00f3gica. Workflow do NotebookLM direto para o Design Economize at\u00e9 10 horas de trabalho semanal \u00a9 2026 Jo\u00e3o Ernani. Todos os [&hellip;]","og_url":"https:\/\/joaoernani.com\/landing\/gratuito\/prompt-slides-notebook-lm-e\/","og_site_name":"p\u00e1ginas","article_modified_time":"2026-03-26T12:23:32+00:00","twitter_card":"summary_large_image","twitter_misc":{"Est. tempo de leitura":"1 minuto"},"schema":{"@context":"https:\/\/schema.org","@graph":[{"@type":"WebPage","@id":"https:\/\/joaoernani.com\/landing\/gratuito\/prompt-slides-notebook-lm-e\/","url":"https:\/\/joaoernani.com\/landing\/gratuito\/prompt-slides-notebook-lm-e\/","name":"Prompt Slides NotebookLm e Gemini","isPartOf":{"@id":"https:\/\/joaoernani.com\/landing\/#website"},"datePublished":"2026-03-26T12:05:00+00:00","dateModified":"2026-03-26T12:23:32+00:00","breadcrumb":{"@id":"https:\/\/joaoernani.com\/landing\/gratuito\/prompt-slides-notebook-lm-e\/#breadcrumb"},"inLanguage":"pt-BR","potentialAction":[{"@type":"ReadAction","target":["https:\/\/joaoernani.com\/landing\/gratuito\/prompt-slides-notebook-lm-e\/"]}]},{"@type":"BreadcrumbList","@id":"https:\/\/joaoernani.com\/landing\/gratuito\/prompt-slides-notebook-lm-e\/#breadcrumb","itemListElement":[{"@type":"ListItem","position":1,"name":"Home","item":"https:\/\/joaoernani.com\/landing\/"},{"@type":"ListItem","position":2,"name":"gratuito","item":"https:\/\/joaoernani.com\/landing\/gratuito\/"},{"@type":"ListItem","position":3,"name":"Prompt Slides NotebookLm e Gemini"}]},{"@type":"WebSite","@id":"https:\/\/joaoernani.com\/landing\/#website","url":"https:\/\/joaoernani.com\/landing\/","name":"p\u00e1ginas","description":"","potentialAction":[{"@type":"SearchAction","target":{"@type":"EntryPoint","urlTemplate":"https:\/\/joaoernani.com\/landing\/?s={search_term_string}"},"query-input":{"@type":"PropertyValueSpecification","valueRequired":true,"valueName":"search_term_string"}}],"inLanguage":"pt-BR"}]}},"_links":{"self":[{"href":"https:\/\/joaoernani.com\/landing\/wp-json\/wp\/v2\/pages\/10922","targetHints":{"allow":["GET"]}}],"collection":[{"href":"https:\/\/joaoernani.com\/landing\/wp-json\/wp\/v2\/pages"}],"about":[{"href":"https:\/\/joaoernani.com\/landing\/wp-json\/wp\/v2\/types\/page"}],"author":[{"embeddable":true,"href":"https:\/\/joaoernani.com\/landing\/wp-json\/wp\/v2\/users\/1"}],"replies":[{"embeddable":true,"href":"https:\/\/joaoernani.com\/landing\/wp-json\/wp\/v2\/comments?post=10922"}],"version-history":[{"count":12,"href":"https:\/\/joaoernani.com\/landing\/wp-json\/wp\/v2\/pages\/10922\/revisions"}],"predecessor-version":[{"id":10937,"href":"https:\/\/joaoernani.com\/landing\/wp-json\/wp\/v2\/pages\/10922\/revisions\/10937"}],"up":[{"embeddable":true,"href":"https:\/\/joaoernani.com\/landing\/wp-json\/wp\/v2\/pages\/10910"}],"wp:attachment":[{"href":"https:\/\/joaoernani.com\/landing\/wp-json\/wp\/v2\/media?parent=10922"}],"curies":[{"name":"wp","href":"https:\/\/api.w.org\/{rel}","templated":true}]}}